{"id":1008,"date":"2023-03-13T20:31:53","date_gmt":"2023-03-13T20:31:53","guid":{"rendered":"https:\/\/ncvan.liminalsites.com\/?page_id=1008"},"modified":"2025-05-05T16:00:18","modified_gmt":"2025-05-05T16:00:18","slug":"certification-academy-scholarships","status":"publish","type":"page","link":"https:\/\/nc-van.org\/es\/certification-academy-scholarships\/","title":{"rendered":"Becas de la Academia de Certificaci\u00f3n"},"content":{"rendered":"<h1>Becas de la Academia de Certificaci\u00f3n<\/h1>\r\n<p>Defender a los seres queridos de quienes fueron asesinados y otras v\u00edctimas de delitos violentos es un trabajo arduo. Requiere una comprensi\u00f3n profunda de la experiencia humana. Tambi\u00e9n hace un llamado a un conjunto de habilidades inmersas en una capacitaci\u00f3n exhaustiva como la serie integral proporcionada por NCVAN a trav\u00e9s de la Academia de Certificaci\u00f3n de Profesionales de Servicios para V\u00edctimas.<\/p>\r\n<p>Cada beca conmemorativa de NCVAN se otorgar\u00e1 en memoria de cuatro queridos habitantes de Carolina del Norte cuyas vidas terminaron debido a un homicidio.<\/p>\r\n<p><strong>La beca en memoria de Jenna y Ethen Nielsen<\/strong> remembers Jenna and Ethen Nielsen, a mother and her unborn son. Jenna was 22 years old, a vibrant and loving wife, mother, daughter, and friend. She was weeks away from giving birth to her third son, to be named Ethen when she was murdered on the morning of June 14, 2007. Her murder was never solved. Jenna and Ethen&#8217;s deaths prompted lawmakers to enact &#8220;Ethen&#8217;s Law,&#8221; which allows that anyone who commits murder, manslaughter, or assault against a pregnant woman may also be found guilty of the same crimes against the baby she carries.<\/p>\r\n<p><img decoding=\"async\" title=\"Jenna-Nielsen-150x150 (1)\" src=\"https:\/\/ncvan.org\/wp-content\/uploads\/2023\/03\/Jenna-Nielsen-150x150-1-150x150.webp\" alt=\"Jenna-Nielsen-150x150 (1)\" \/> <strong>Jenna Nielsen<\/strong><br \/>3\/6\/85 &#8211; 6\/14\/07<\/p>\r\n<p><strong>La beca en memoria de Stephen y Michael Hoyle<\/strong> remembers two brothers, four years apart. Stephen was a loving son and brother who enjoyed soccer and basketball in his youth and who was gaining experience in home-remodeling. He was murdered on January 26, 2012, when he was 24 years old. Michael was an energetic, fun-loving, and beautiful person also loved by his family and friends. He enjoyed scouts, basketball, and soccer and particularly enjoyed a vacation at the beach with his brother. Michael struggled to cope with his brother&#8217;s death. He ultimately died of an overdose of drugs at age 24, a little over four years after Stephen was killed.<\/p>\r\n<p><img loading=\"lazy\" decoding=\"async\" title=\"Michael-Hoyle-140x150 (1)\" src=\"https:\/\/nc-van.org\/wp-content\/uploads\/2023\/03\/Michael-Hoyle-140x150-1-150x150.webp\" alt=\"Michael-Hoyle-140x150 (1)\" width=\"150\" height=\"150\" \/> <strong>miguel hoyle<\/strong><br \/>9\/16\/91 &#8211; 2\/14\/16 <img loading=\"lazy\" decoding=\"async\" title=\"Steven-Hoyle-147x150\" src=\"https:\/\/nc-van.org\/wp-content\/uploads\/2023\/03\/Steven-Hoyle-147x150-1-150x150.webp\" alt=\"Steven-Hoyle-147x150\" width=\"150\" height=\"150\" \/> <b>Esteban Hoyle<br \/>12\/29\/87 &#8211; 1\/26\/12\u00a0<\/b><\/p>\r\n<p>Se otorgar\u00e1n dos becas a dos defensores de v\u00edctimas que trabajen en una reconocida organizaci\u00f3n sin fines de lucro de servicio a v\u00edctimas en Carolina del Norte. Cada beca ayudar\u00e1 a sufragar los costos asociados con la asistencia a la Academia de Certificaci\u00f3n de Profesionales de Servicios para V\u00edctimas de NCVAN.<\/p>\r\n<p>La Beca Conmemorativa cubre el costo de la certificaci\u00f3n junto con una noche de alojamiento para los beneficiarios que puedan necesitar alojamiento durante la noche.<\/p>\r\n<p>For non-profit advocates who wish to be considered for an NCVAN Memorial Scholarship, use the button below to apply. If you are an advocate for the Prosecutor&#8217;s Office, financial assistance may be available through the Conference of District Attorney&#8217;s.<\/p>\r\n<p><a href=\"https:\/\/ncvan.org\/wp-content\/uploads\/2023\/03\/Revised-NCVAN-Academy-Scholarship-Applic.docx\" target=\"_blank\" rel=\"noopener\"> Aplica ya <\/a><\/p>\r\n<p>Consulte la solicitud para conocer los requisitos. Se pueden dirigir preguntas adicionales a NCVAN en <a href=\"mailto:janeallen@nc-van.org\" target=\"_blank\" rel=\"noopener\">janeallen@nc-van.org<\/a>.<\/p>","protected":false},"excerpt":{"rendered":"<p>Certification Academy Scholarships Advocating for the loved ones of those who were murdered and other victims of violent crimes is hard work. It calls for a deep understanding of human experience. It also calls upon a skillset steeped in thorough training like the comprehensive series provided by NCVAN through the Victim Service Practitioner Certification Academy.&hellip;<\/p>","protected":false},"author":1,"featured_media":0,"parent":0,"menu_order":0,"comment_status":"closed","ping_status":"closed","template":"","meta":{"footnotes":""},"class_list":["post-1008","page","type-page","status-publish","hentry"],"yoast_head":"<!-- This site is optimized with the Yoast SEO plugin v27.2 - https:\/\/yoast.com\/product\/yoast-seo-wordpress\/ -->\n<title>Certification Academy Scholarships - North Carolina Victim Assistance Network<\/title>\n<meta name=\"robots\" content=\"index, follow, max-snippet:-1, max-image-preview:large, max-video-preview:-1\" \/>\n<link rel=\"canonical\" href=\"https:\/\/nc-van.org\/es\/certification-academy-scholarships\/\" \/>\n<meta property=\"og:locale\" content=\"es_MX\" \/>\n<meta property=\"og:type\" content=\"article\" \/>\n<meta property=\"og:title\" content=\"Certification Academy Scholarships - North Carolina Victim Assistance Network\" \/>\n<meta property=\"og:description\" content=\"Certification Academy Scholarships Advocating for the loved ones of those who were murdered and other victims of violent crimes is hard work. It calls for a deep understanding of human experience. It also calls upon a skillset steeped in thorough training like the comprehensive series provided by NCVAN through the Victim Service Practitioner Certification Academy.&hellip;\" \/>\n<meta property=\"og:url\" content=\"https:\/\/nc-van.org\/es\/certification-academy-scholarships\/\" \/>\n<meta property=\"og:site_name\" content=\"North Carolina Victim Assistance Network\" \/>\n<meta property=\"article:modified_time\" content=\"2025-05-05T16:00:18+00:00\" \/>\n<meta property=\"og:image\" content=\"https:\/\/ncvan.org\/wp-content\/uploads\/2023\/03\/Jenna-Nielsen-150x150-1-150x150.webp\" \/>\n<meta name=\"twitter:card\" content=\"summary_large_image\" \/>\n<meta name=\"twitter:label1\" content=\"Tiempo de lectura\" \/>\n\t<meta name=\"twitter:data1\" content=\"3 minutos\" \/>\n<script type=\"application\/ld+json\" class=\"yoast-schema-graph\">{\"@context\":\"https:\/\/schema.org\",\"@graph\":[{\"@type\":\"WebPage\",\"@id\":\"https:\/\/nc-van.org\/certification-academy-scholarships\/\",\"url\":\"https:\/\/nc-van.org\/certification-academy-scholarships\/\",\"name\":\"Certification Academy Scholarships - North Carolina Victim Assistance Network\",\"isPartOf\":{\"@id\":\"https:\/\/nc-van.org\/#website\"},\"primaryImageOfPage\":{\"@id\":\"https:\/\/nc-van.org\/certification-academy-scholarships\/#primaryimage\"},\"image\":{\"@id\":\"https:\/\/nc-van.org\/certification-academy-scholarships\/#primaryimage\"},\"thumbnailUrl\":\"https:\/\/ncvan.org\/wp-content\/uploads\/2023\/03\/Jenna-Nielsen-150x150-1-150x150.webp\",\"datePublished\":\"2023-03-13T20:31:53+00:00\",\"dateModified\":\"2025-05-05T16:00:18+00:00\",\"breadcrumb\":{\"@id\":\"https:\/\/nc-van.org\/certification-academy-scholarships\/#breadcrumb\"},\"inLanguage\":\"es\",\"potentialAction\":[{\"@type\":\"ReadAction\",\"target\":[\"https:\/\/nc-van.org\/certification-academy-scholarships\/\"]}]},{\"@type\":\"ImageObject\",\"inLanguage\":\"es\",\"@id\":\"https:\/\/nc-van.org\/certification-academy-scholarships\/#primaryimage\",\"url\":\"https:\/\/ncvan.org\/wp-content\/uploads\/2023\/03\/Jenna-Nielsen-150x150-1-150x150.webp\",\"contentUrl\":\"https:\/\/ncvan.org\/wp-content\/uploads\/2023\/03\/Jenna-Nielsen-150x150-1-150x150.webp\"},{\"@type\":\"BreadcrumbList\",\"@id\":\"https:\/\/nc-van.org\/certification-academy-scholarships\/#breadcrumb\",\"itemListElement\":[{\"@type\":\"ListItem\",\"position\":1,\"name\":\"Home\",\"item\":\"https:\/\/nc-van.org\/\"},{\"@type\":\"ListItem\",\"position\":2,\"name\":\"Certification Academy Scholarships\"}]},{\"@type\":\"WebSite\",\"@id\":\"https:\/\/nc-van.org\/#website\",\"url\":\"https:\/\/nc-van.org\/\",\"name\":\"North Carolina Victim Assistance Network\",\"description\":\"You&#039;re not alone\",\"potentialAction\":[{\"@type\":\"SearchAction\",\"target\":{\"@type\":\"EntryPoint\",\"urlTemplate\":\"https:\/\/nc-van.org\/?s={search_term_string}\"},\"query-input\":{\"@type\":\"PropertyValueSpecification\",\"valueRequired\":true,\"valueName\":\"search_term_string\"}}],\"inLanguage\":\"es\"}]}<\/script>\n<!-- \/ Yoast SEO plugin. -->","yoast_head_json":{"title":"Certification Academy Scholarships - North Carolina Victim Assistance Network","robots":{"index":"index","follow":"follow","max-snippet":"max-snippet:-1","max-image-preview":"max-image-preview:large","max-video-preview":"max-video-preview:-1"},"canonical":"https:\/\/nc-van.org\/es\/certification-academy-scholarships\/","og_locale":"es_MX","og_type":"article","og_title":"Certification Academy Scholarships - North Carolina Victim Assistance Network","og_description":"Certification Academy Scholarships Advocating for the loved ones of those who were murdered and other victims of violent crimes is hard work. It calls for a deep understanding of human experience. It also calls upon a skillset steeped in thorough training like the comprehensive series provided by NCVAN through the Victim Service Practitioner Certification Academy.&hellip;","og_url":"https:\/\/nc-van.org\/es\/certification-academy-scholarships\/","og_site_name":"North Carolina Victim Assistance Network","article_modified_time":"2025-05-05T16:00:18+00:00","og_image":[{"url":"https:\/\/ncvan.org\/wp-content\/uploads\/2023\/03\/Jenna-Nielsen-150x150-1-150x150.webp","type":"","width":"","height":""}],"twitter_card":"summary_large_image","twitter_misc":{"Tiempo de lectura":"3 minutos"},"schema":{"@context":"https:\/\/schema.org","@graph":[{"@type":"WebPage","@id":"https:\/\/nc-van.org\/certification-academy-scholarships\/","url":"https:\/\/nc-van.org\/certification-academy-scholarships\/","name":"Certification Academy Scholarships - North Carolina Victim Assistance Network","isPartOf":{"@id":"https:\/\/nc-van.org\/#website"},"primaryImageOfPage":{"@id":"https:\/\/nc-van.org\/certification-academy-scholarships\/#primaryimage"},"image":{"@id":"https:\/\/nc-van.org\/certification-academy-scholarships\/#primaryimage"},"thumbnailUrl":"https:\/\/ncvan.org\/wp-content\/uploads\/2023\/03\/Jenna-Nielsen-150x150-1-150x150.webp","datePublished":"2023-03-13T20:31:53+00:00","dateModified":"2025-05-05T16:00:18+00:00","breadcrumb":{"@id":"https:\/\/nc-van.org\/certification-academy-scholarships\/#breadcrumb"},"inLanguage":"es","potentialAction":[{"@type":"ReadAction","target":["https:\/\/nc-van.org\/certification-academy-scholarships\/"]}]},{"@type":"ImageObject","inLanguage":"es","@id":"https:\/\/nc-van.org\/certification-academy-scholarships\/#primaryimage","url":"https:\/\/ncvan.org\/wp-content\/uploads\/2023\/03\/Jenna-Nielsen-150x150-1-150x150.webp","contentUrl":"https:\/\/ncvan.org\/wp-content\/uploads\/2023\/03\/Jenna-Nielsen-150x150-1-150x150.webp"},{"@type":"BreadcrumbList","@id":"https:\/\/nc-van.org\/certification-academy-scholarships\/#breadcrumb","itemListElement":[{"@type":"ListItem","position":1,"name":"Home","item":"https:\/\/nc-van.org\/"},{"@type":"ListItem","position":2,"name":"Certification Academy Scholarships"}]},{"@type":"WebSite","@id":"https:\/\/nc-van.org\/#website","url":"https:\/\/nc-van.org\/","name":"North Carolina Victim Assistance Network","description":"You&#039;re not alone","potentialAction":[{"@type":"SearchAction","target":{"@type":"EntryPoint","urlTemplate":"https:\/\/nc-van.org\/?s={search_term_string}"},"query-input":{"@type":"PropertyValueSpecification","valueRequired":true,"valueName":"search_term_string"}}],"inLanguage":"es"}]}},"_links":{"self":[{"href":"https:\/\/nc-van.org\/es\/wp-json\/wp\/v2\/pages\/1008","targetHints":{"allow":["GET"]}}],"collection":[{"href":"https:\/\/nc-van.org\/es\/wp-json\/wp\/v2\/pages"}],"about":[{"href":"https:\/\/nc-van.org\/es\/wp-json\/wp\/v2\/types\/page"}],"author":[{"embeddable":true,"href":"https:\/\/nc-van.org\/es\/wp-json\/wp\/v2\/users\/1"}],"replies":[{"embeddable":true,"href":"https:\/\/nc-van.org\/es\/wp-json\/wp\/v2\/comments?post=1008"}],"version-history":[{"count":0,"href":"https:\/\/nc-van.org\/es\/wp-json\/wp\/v2\/pages\/1008\/revisions"}],"wp:attachment":[{"href":"https:\/\/nc-van.org\/es\/wp-json\/wp\/v2\/media?parent=1008"}],"curies":[{"name":"wp","href":"https:\/\/api.w.org\/{rel}","templated":true}]}}