{"id":12362,"date":"2025-04-15T20:38:20","date_gmt":"2025-04-15T20:38:20","guid":{"rendered":"https:\/\/ncvan1.wpenginepowered.com\/?page_id=12362"},"modified":"2025-04-15T20:41:26","modified_gmt":"2025-04-15T20:41:26","slug":"recertification","status":"publish","type":"page","link":"https:\/\/nc-van.org\/es\/training\/recertification\/","title":{"rendered":"Recertification"},"content":{"rendered":"<h3>\n\t\t\u00bfCu\u00e1l es el costo de la recertificaci\u00f3n?\t\n\t<\/h3>\n\t<p>R: El costo de la recertificaci\u00f3n es $125.00. Adem\u00e1s, los profesionales certificados deben presentar documentaci\u00f3n de 20 horas de educaci\u00f3n continua al Comit\u00e9 de Supervisi\u00f3n de Profesionales de Servicios para V\u00edctimas de Carolina del Norte cada tres a\u00f1os para volver a obtener la certificaci\u00f3n.<\/p>\n<h3>\n\t\t\u00bfCu\u00e1nto tiempo toma la recertificaci\u00f3n?\t\n\t<\/h3>\n\t<p>R: Los profesionales certificados deben presentar documentaci\u00f3n de 20 horas de educaci\u00f3n continua al Comit\u00e9 de Supervisi\u00f3n de Profesionales de Servicios para V\u00edctimas de Carolina del Norte cada tres a\u00f1os para volver a obtener la certificaci\u00f3n.<\/p>","protected":false},"excerpt":{"rendered":"<p>What is the cost of recertification? A: The cost of recertification is $125.00. Additionally, certified practitioners must submit documentation of 20 hours of continuing education to the NC Victim Service Practitioner Oversight Committee every three years to be re-certified. How long does recertification take? A: Certified practitioners must submit documentation of 20 hours of continuing&hellip;<\/p>","protected":false},"author":1,"featured_media":0,"parent":18,"menu_order":0,"comment_status":"closed","ping_status":"closed","template":"","meta":{"footnotes":""},"class_list":["post-12362","page","type-page","status-publish","hentry"],"yoast_head":"<!-- This site is optimized with the Yoast SEO plugin v27.3 - https:\/\/yoast.com\/product\/yoast-seo-wordpress\/ -->\n<title>Recertification - North Carolina Victim Assistance Network<\/title>\n<meta name=\"robots\" content=\"index, follow, max-snippet:-1, max-image-preview:large, max-video-preview:-1\" \/>\n<link rel=\"canonical\" href=\"https:\/\/nc-van.org\/es\/training\/recertification\/\" \/>\n<meta property=\"og:locale\" content=\"es_MX\" \/>\n<meta property=\"og:type\" content=\"article\" \/>\n<meta property=\"og:title\" content=\"Recertification - North Carolina Victim Assistance Network\" \/>\n<meta property=\"og:description\" content=\"What is the cost of recertification? A: The cost of recertification is $125.00. Additionally, certified practitioners must submit documentation of 20 hours of continuing education to the NC Victim Service Practitioner Oversight Committee every three years to be re-certified. How long does recertification take? A: Certified practitioners must submit documentation of 20 hours of continuing&hellip;\" \/>\n<meta property=\"og:url\" content=\"https:\/\/nc-van.org\/es\/training\/recertification\/\" \/>\n<meta property=\"og:site_name\" content=\"North Carolina Victim Assistance Network\" \/>\n<meta property=\"article:modified_time\" content=\"2025-04-15T20:41:26+00:00\" \/>\n<meta name=\"twitter:card\" content=\"summary_large_image\" \/>\n<script type=\"application\/ld+json\" class=\"yoast-schema-graph\">{\"@context\":\"https:\\\/\\\/schema.org\",\"@graph\":[{\"@type\":\"WebPage\",\"@id\":\"https:\\\/\\\/nc-van.org\\\/training\\\/recertification\\\/\",\"url\":\"https:\\\/\\\/nc-van.org\\\/training\\\/recertification\\\/\",\"name\":\"Recertification - North Carolina Victim Assistance Network\",\"isPartOf\":{\"@id\":\"https:\\\/\\\/nc-van.org\\\/#website\"},\"datePublished\":\"2025-04-15T20:38:20+00:00\",\"dateModified\":\"2025-04-15T20:41:26+00:00\",\"breadcrumb\":{\"@id\":\"https:\\\/\\\/nc-van.org\\\/training\\\/recertification\\\/#breadcrumb\"},\"inLanguage\":\"es\",\"potentialAction\":[{\"@type\":\"ReadAction\",\"target\":[\"https:\\\/\\\/nc-van.org\\\/training\\\/recertification\\\/\"]}]},{\"@type\":\"BreadcrumbList\",\"@id\":\"https:\\\/\\\/nc-van.org\\\/training\\\/recertification\\\/#breadcrumb\",\"itemListElement\":[{\"@type\":\"ListItem\",\"position\":1,\"name\":\"Home\",\"item\":\"https:\\\/\\\/nc-van.org\\\/\"},{\"@type\":\"ListItem\",\"position\":2,\"name\":\"Training\",\"item\":\"https:\\\/\\\/nc-van.org\\\/training\\\/\"},{\"@type\":\"ListItem\",\"position\":3,\"name\":\"Recertification\"}]},{\"@type\":\"WebSite\",\"@id\":\"https:\\\/\\\/nc-van.org\\\/#website\",\"url\":\"https:\\\/\\\/nc-van.org\\\/\",\"name\":\"North Carolina Victim Assistance Network\",\"description\":\"You&#039;re not alone\",\"potentialAction\":[{\"@type\":\"SearchAction\",\"target\":{\"@type\":\"EntryPoint\",\"urlTemplate\":\"https:\\\/\\\/nc-van.org\\\/?s={search_term_string}\"},\"query-input\":{\"@type\":\"PropertyValueSpecification\",\"valueRequired\":true,\"valueName\":\"search_term_string\"}}],\"inLanguage\":\"es\"}]}<\/script>\n<!-- \/ Yoast SEO plugin. -->","yoast_head_json":{"title":"Recertification - North Carolina Victim Assistance Network","robots":{"index":"index","follow":"follow","max-snippet":"max-snippet:-1","max-image-preview":"max-image-preview:large","max-video-preview":"max-video-preview:-1"},"canonical":"https:\/\/nc-van.org\/es\/training\/recertification\/","og_locale":"es_MX","og_type":"article","og_title":"Recertification - North Carolina Victim Assistance Network","og_description":"What is the cost of recertification? A: The cost of recertification is $125.00. Additionally, certified practitioners must submit documentation of 20 hours of continuing education to the NC Victim Service Practitioner Oversight Committee every three years to be re-certified. How long does recertification take? A: Certified practitioners must submit documentation of 20 hours of continuing&hellip;","og_url":"https:\/\/nc-van.org\/es\/training\/recertification\/","og_site_name":"North Carolina Victim Assistance Network","article_modified_time":"2025-04-15T20:41:26+00:00","twitter_card":"summary_large_image","schema":{"@context":"https:\/\/schema.org","@graph":[{"@type":"WebPage","@id":"https:\/\/nc-van.org\/training\/recertification\/","url":"https:\/\/nc-van.org\/training\/recertification\/","name":"Recertification - North Carolina Victim Assistance Network","isPartOf":{"@id":"https:\/\/nc-van.org\/#website"},"datePublished":"2025-04-15T20:38:20+00:00","dateModified":"2025-04-15T20:41:26+00:00","breadcrumb":{"@id":"https:\/\/nc-van.org\/training\/recertification\/#breadcrumb"},"inLanguage":"es","potentialAction":[{"@type":"ReadAction","target":["https:\/\/nc-van.org\/training\/recertification\/"]}]},{"@type":"BreadcrumbList","@id":"https:\/\/nc-van.org\/training\/recertification\/#breadcrumb","itemListElement":[{"@type":"ListItem","position":1,"name":"Home","item":"https:\/\/nc-van.org\/"},{"@type":"ListItem","position":2,"name":"Training","item":"https:\/\/nc-van.org\/training\/"},{"@type":"ListItem","position":3,"name":"Recertification"}]},{"@type":"WebSite","@id":"https:\/\/nc-van.org\/#website","url":"https:\/\/nc-van.org\/","name":"North Carolina Victim Assistance Network","description":"You&#039;re not alone","potentialAction":[{"@type":"SearchAction","target":{"@type":"EntryPoint","urlTemplate":"https:\/\/nc-van.org\/?s={search_term_string}"},"query-input":{"@type":"PropertyValueSpecification","valueRequired":true,"valueName":"search_term_string"}}],"inLanguage":"es"}]}},"_links":{"self":[{"href":"https:\/\/nc-van.org\/es\/wp-json\/wp\/v2\/pages\/12362","targetHints":{"allow":["GET"]}}],"collection":[{"href":"https:\/\/nc-van.org\/es\/wp-json\/wp\/v2\/pages"}],"about":[{"href":"https:\/\/nc-van.org\/es\/wp-json\/wp\/v2\/types\/page"}],"author":[{"embeddable":true,"href":"https:\/\/nc-van.org\/es\/wp-json\/wp\/v2\/users\/1"}],"replies":[{"embeddable":true,"href":"https:\/\/nc-van.org\/es\/wp-json\/wp\/v2\/comments?post=12362"}],"version-history":[{"count":0,"href":"https:\/\/nc-van.org\/es\/wp-json\/wp\/v2\/pages\/12362\/revisions"}],"up":[{"embeddable":true,"href":"https:\/\/nc-van.org\/es\/wp-json\/wp\/v2\/pages\/18"}],"wp:attachment":[{"href":"https:\/\/nc-van.org\/es\/wp-json\/wp\/v2\/media?parent=12362"}],"curies":[{"name":"wp","href":"https:\/\/api.w.org\/{rel}","templated":true}]}}