{"id":145,"date":"2022-07-06T19:01:43","date_gmt":"2022-07-06T19:01:43","guid":{"rendered":"https:\/\/ncvan.liminalsites.com\/?page_id=145"},"modified":"2025-05-05T16:06:31","modified_gmt":"2025-05-05T16:06:31","slug":"our-community","status":"publish","type":"page","link":"https:\/\/nc-van.org\/es\/about\/our-community\/","title":{"rendered":"Our Community"},"content":{"rendered":"<h1>Our Community<\/h1>\r\n<p>Estamos profundamente afectados por las injusticias que ocurren todos los d\u00edas en el mundo que nos rodea. lo vemos Lo escuchamos. lo sentimos<\/p>\r\n<h3>We are committed to supporting North Carolina&#8217;s communities of color, and we serve all victims of crime.<\/h3>\r\n<h4>We see your struggles for justice.<\/h4>\r\n<p>Learning about how and what we can do better to build, support, and foster a more diverse and inclusive environment within the scope of our mission is the commitment we make to the victims\/survivors we serve, including those victims\/survivors further traumatized by racism and injustice.<\/p>\r\n<p>Por estas razones, nos esforzaremos continuamente por ser un lugar donde todos los miembros del personal, todos los voluntarios y todas las v\u00edctimas\/sobrevivientes se sientan seguros, atendidos y escuchados.<\/p>\r\n<h3>Estamos comprometidos con los siguientes principios a medida que buscamos ser una organizaci\u00f3n impulsada por la esperanza de un mejor presente y futuro.<\/h3>\r\n<h4>Ambiente seguro<\/h4>\r\n<p>Trabajaremos continuamente para fomentar un entorno enriquecedor y seguro para el personal, los voluntarios y las v\u00edctimas\/sobrevivientes.<\/p>\r\n<h4>Conversaciones abiertas<\/h4>\r\n<p>Seguiremos dispuestos a tener conversaciones abiertas y sin prejuicios con el personal, los voluntarios y las v\u00edctimas\/sobrevivientes.<\/p>\r\n<h4>Hilo com\u00fan<\/h4>\r\n<p>We will conduct ongoing evaluations and make improvements regarding NCVAN outreach and service delivery practices and NCVAN training initiatives to ensure that we are utilizing best practices to serve all victims of crime.<\/p>\r\n<h4>Colaborar con socios<\/h4>\r\n<p>We will work collaboratively with our community partners and allied professionals in pursuit of healing and justice by means of training, consultation, and technical assistance.<\/p>\r\n<p><img decoding=\"async\" title=\"Multi\u00e9tnico, Mujeres, En, Colorido, Informal, Ropa, Discutiendo, En, El, Grupo\" src=\"https:\/\/ncvan.org\/wp-content\/uploads\/2023\/03\/shutterstock_1044788284.jpeg\" alt=\"Multiethnic women in colorful casual clothes discussing in the group meeting\" \/><\/p>\r\n<h3>Ofrecemos capacitaci\u00f3n especializada en defensa y respuesta a las v\u00edctimas.<\/h3>\r\n<p>Adem\u00e1s de brindar capacitaci\u00f3n a trav\u00e9s de la Academia de Certificaci\u00f3n de Profesionales de Servicio a las V\u00edctimas, reconocemos la importancia de brindar capacitaci\u00f3n continua y avanzada a los profesionales que participan activamente en el trabajo.<\/p>\r\n<p><a href=\"https:\/\/ncvan.org\/training\/advanced-training-webinars\/\" target=\"_self\"> Aprende m\u00e1s <\/a><\/p>\r\n<p>NCVAN is committed to fostering an inclusive and welcoming environment for all members of our community. We do not discriminate on the basis of race, color, religion, creed, gender, age, national origin, disability, marital status, military status, or any other legally protected status.<\/p>\r\n<p>We believe that every individual associated with NCVAN, whether a member, volunteer, participant, or employee, is valued and respected.<\/p>\r\n<p><a href=\"https:\/\/civilrights.justice.gov\/\" target=\"_blank\" rel=\"noopener\">https:\/\/civilrights.justice.gov\/<\/a><\/p>","protected":false},"excerpt":{"rendered":"<p>Our Community We are profoundly affected by the injustices happening every day in the world around us. We see it. We hear it. We feel it. We are committed to supporting North Carolina&#8217;s communities of color, and we serve all victims of crime. We see your struggles for justice. Learning about how and what we&hellip;<\/p>","protected":false},"author":1,"featured_media":176,"parent":136,"menu_order":0,"comment_status":"closed","ping_status":"closed","template":"","meta":{"footnotes":""},"class_list":["post-145","page","type-page","status-publish","has-post-thumbnail","hentry"],"yoast_head":"<!-- This site is optimized with the Yoast SEO plugin v27.3 - https:\/\/yoast.com\/product\/yoast-seo-wordpress\/ -->\n<title>Our Community - North Carolina Victim Assistance Network<\/title>\n<meta name=\"description\" content=\"We are profoundly affected by the injustices happening every day in the world around us. We see it. We hear it. We feel it.\" \/>\n<meta name=\"robots\" content=\"index, follow, max-snippet:-1, max-image-preview:large, max-video-preview:-1\" \/>\n<link rel=\"canonical\" href=\"https:\/\/nc-van.org\/es\/about\/our-community\/\" \/>\n<meta property=\"og:locale\" content=\"es_MX\" \/>\n<meta property=\"og:type\" content=\"article\" \/>\n<meta property=\"og:title\" content=\"Our Community - North Carolina Victim Assistance Network\" \/>\n<meta property=\"og:description\" content=\"We are profoundly affected by the injustices happening every day in the world around us. We see it. We hear it. We feel it.\" \/>\n<meta property=\"og:url\" content=\"https:\/\/nc-van.org\/es\/about\/our-community\/\" \/>\n<meta property=\"og:site_name\" content=\"North Carolina Victim Assistance Network\" \/>\n<meta property=\"article:modified_time\" content=\"2025-05-05T16:06:31+00:00\" \/>\n<meta property=\"og:image\" content=\"https:\/\/nc-van.org\/wp-content\/uploads\/2022\/07\/ethics.png\" \/>\n\t<meta property=\"og:image:width\" content=\"355\" \/>\n\t<meta property=\"og:image:height\" content=\"355\" \/>\n\t<meta property=\"og:image:type\" content=\"image\/png\" \/>\n<meta name=\"twitter:card\" content=\"summary_large_image\" \/>\n<meta name=\"twitter:label1\" content=\"Tiempo de lectura\" \/>\n\t<meta name=\"twitter:data1\" content=\"2 minutos\" \/>\n<script type=\"application\/ld+json\" class=\"yoast-schema-graph\">{\"@context\":\"https:\\\/\\\/schema.org\",\"@graph\":[{\"@type\":\"WebPage\",\"@id\":\"https:\\\/\\\/nc-van.org\\\/about\\\/our-community\\\/\",\"url\":\"https:\\\/\\\/nc-van.org\\\/about\\\/our-community\\\/\",\"name\":\"Our Community - North Carolina Victim Assistance Network\",\"isPartOf\":{\"@id\":\"https:\\\/\\\/nc-van.org\\\/#website\"},\"primaryImageOfPage\":{\"@id\":\"https:\\\/\\\/nc-van.org\\\/about\\\/our-community\\\/#primaryimage\"},\"image\":{\"@id\":\"https:\\\/\\\/nc-van.org\\\/about\\\/our-community\\\/#primaryimage\"},\"thumbnailUrl\":\"https:\\\/\\\/nc-van.org\\\/wp-content\\\/uploads\\\/2022\\\/07\\\/ethics.png\",\"datePublished\":\"2022-07-06T19:01:43+00:00\",\"dateModified\":\"2025-05-05T16:06:31+00:00\",\"description\":\"We are profoundly affected by the injustices happening every day in the world around us. We see it. We hear it. We feel it.\",\"breadcrumb\":{\"@id\":\"https:\\\/\\\/nc-van.org\\\/about\\\/our-community\\\/#breadcrumb\"},\"inLanguage\":\"es\",\"potentialAction\":[{\"@type\":\"ReadAction\",\"target\":[\"https:\\\/\\\/nc-van.org\\\/about\\\/our-community\\\/\"]}]},{\"@type\":\"ImageObject\",\"inLanguage\":\"es\",\"@id\":\"https:\\\/\\\/nc-van.org\\\/about\\\/our-community\\\/#primaryimage\",\"url\":\"https:\\\/\\\/nc-van.org\\\/wp-content\\\/uploads\\\/2022\\\/07\\\/ethics.png\",\"contentUrl\":\"https:\\\/\\\/nc-van.org\\\/wp-content\\\/uploads\\\/2022\\\/07\\\/ethics.png\",\"width\":355,\"height\":355},{\"@type\":\"BreadcrumbList\",\"@id\":\"https:\\\/\\\/nc-van.org\\\/about\\\/our-community\\\/#breadcrumb\",\"itemListElement\":[{\"@type\":\"ListItem\",\"position\":1,\"name\":\"Home\",\"item\":\"https:\\\/\\\/nc-van.org\\\/\"},{\"@type\":\"ListItem\",\"position\":2,\"name\":\"About\",\"item\":\"https:\\\/\\\/nc-van.org\\\/about\\\/\"},{\"@type\":\"ListItem\",\"position\":3,\"name\":\"Our Community\"}]},{\"@type\":\"WebSite\",\"@id\":\"https:\\\/\\\/nc-van.org\\\/#website\",\"url\":\"https:\\\/\\\/nc-van.org\\\/\",\"name\":\"North Carolina Victim Assistance Network\",\"description\":\"You&#039;re not alone\",\"potentialAction\":[{\"@type\":\"SearchAction\",\"target\":{\"@type\":\"EntryPoint\",\"urlTemplate\":\"https:\\\/\\\/nc-van.org\\\/?s={search_term_string}\"},\"query-input\":{\"@type\":\"PropertyValueSpecification\",\"valueRequired\":true,\"valueName\":\"search_term_string\"}}],\"inLanguage\":\"es\"}]}<\/script>\n<!-- \/ Yoast SEO plugin. -->","yoast_head_json":{"title":"Our Community - North Carolina Victim Assistance Network","description":"Estamos profundamente afectados por las injusticias que ocurren todos los d\u00edas en el mundo que nos rodea. lo vemos Lo escuchamos. lo sentimos","robots":{"index":"index","follow":"follow","max-snippet":"max-snippet:-1","max-image-preview":"max-image-preview:large","max-video-preview":"max-video-preview:-1"},"canonical":"https:\/\/nc-van.org\/es\/about\/our-community\/","og_locale":"es_MX","og_type":"article","og_title":"Our Community - North Carolina Victim Assistance Network","og_description":"We are profoundly affected by the injustices happening every day in the world around us. We see it. We hear it. We feel it.","og_url":"https:\/\/nc-van.org\/es\/about\/our-community\/","og_site_name":"North Carolina Victim Assistance Network","article_modified_time":"2025-05-05T16:06:31+00:00","og_image":[{"width":355,"height":355,"url":"https:\/\/nc-van.org\/wp-content\/uploads\/2022\/07\/ethics.png","type":"image\/png"}],"twitter_card":"summary_large_image","twitter_misc":{"Tiempo de lectura":"2 minutos"},"schema":{"@context":"https:\/\/schema.org","@graph":[{"@type":"WebPage","@id":"https:\/\/nc-van.org\/about\/our-community\/","url":"https:\/\/nc-van.org\/about\/our-community\/","name":"Our Community - North Carolina Victim Assistance Network","isPartOf":{"@id":"https:\/\/nc-van.org\/#website"},"primaryImageOfPage":{"@id":"https:\/\/nc-van.org\/about\/our-community\/#primaryimage"},"image":{"@id":"https:\/\/nc-van.org\/about\/our-community\/#primaryimage"},"thumbnailUrl":"https:\/\/nc-van.org\/wp-content\/uploads\/2022\/07\/ethics.png","datePublished":"2022-07-06T19:01:43+00:00","dateModified":"2025-05-05T16:06:31+00:00","description":"Estamos profundamente afectados por las injusticias que ocurren todos los d\u00edas en el mundo que nos rodea. lo vemos Lo escuchamos. lo sentimos","breadcrumb":{"@id":"https:\/\/nc-van.org\/about\/our-community\/#breadcrumb"},"inLanguage":"es","potentialAction":[{"@type":"ReadAction","target":["https:\/\/nc-van.org\/about\/our-community\/"]}]},{"@type":"ImageObject","inLanguage":"es","@id":"https:\/\/nc-van.org\/about\/our-community\/#primaryimage","url":"https:\/\/nc-van.org\/wp-content\/uploads\/2022\/07\/ethics.png","contentUrl":"https:\/\/nc-van.org\/wp-content\/uploads\/2022\/07\/ethics.png","width":355,"height":355},{"@type":"BreadcrumbList","@id":"https:\/\/nc-van.org\/about\/our-community\/#breadcrumb","itemListElement":[{"@type":"ListItem","position":1,"name":"Home","item":"https:\/\/nc-van.org\/"},{"@type":"ListItem","position":2,"name":"About","item":"https:\/\/nc-van.org\/about\/"},{"@type":"ListItem","position":3,"name":"Our Community"}]},{"@type":"WebSite","@id":"https:\/\/nc-van.org\/#website","url":"https:\/\/nc-van.org\/","name":"North Carolina Victim Assistance Network","description":"You&#039;re not alone","potentialAction":[{"@type":"SearchAction","target":{"@type":"EntryPoint","urlTemplate":"https:\/\/nc-van.org\/?s={search_term_string}"},"query-input":{"@type":"PropertyValueSpecification","valueRequired":true,"valueName":"search_term_string"}}],"inLanguage":"es"}]}},"_links":{"self":[{"href":"https:\/\/nc-van.org\/es\/wp-json\/wp\/v2\/pages\/145","targetHints":{"allow":["GET"]}}],"collection":[{"href":"https:\/\/nc-van.org\/es\/wp-json\/wp\/v2\/pages"}],"about":[{"href":"https:\/\/nc-van.org\/es\/wp-json\/wp\/v2\/types\/page"}],"author":[{"embeddable":true,"href":"https:\/\/nc-van.org\/es\/wp-json\/wp\/v2\/users\/1"}],"replies":[{"embeddable":true,"href":"https:\/\/nc-van.org\/es\/wp-json\/wp\/v2\/comments?post=145"}],"version-history":[{"count":0,"href":"https:\/\/nc-van.org\/es\/wp-json\/wp\/v2\/pages\/145\/revisions"}],"up":[{"embeddable":true,"href":"https:\/\/nc-van.org\/es\/wp-json\/wp\/v2\/pages\/136"}],"wp:featuredmedia":[{"embeddable":true,"href":"https:\/\/nc-van.org\/es\/wp-json\/wp\/v2\/media\/176"}],"wp:attachment":[{"href":"https:\/\/nc-van.org\/es\/wp-json\/wp\/v2\/media?parent=145"}],"curies":[{"name":"wp","href":"https:\/\/api.w.org\/{rel}","templated":true}]}}