{"id":28,"date":"2022-06-10T20:58:38","date_gmt":"2022-06-10T20:58:38","guid":{"rendered":"https:\/\/ncvan.liminalsites.com\/?page_id=28"},"modified":"2026-04-10T19:50:03","modified_gmt":"2026-04-10T19:50:03","slug":"home","status":"publish","type":"page","link":"https:\/\/nc-van.org\/es\/","title":{"rendered":"Home"},"content":{"rendered":"<h2>\n\t\t\tApoyar los derechos y el bienestar de los seres queridos sobrevivientes de homicidios y delitos violentos\t<\/h2>\n\t<p>\u00danase a nosotros mientras apoyamos y alentamos a las v\u00edctimas y sobrevivientes aqu\u00ed en Carolina del Norte para que las familias puedan sanar y las comunidades se fortalezcan.<\/p>\n\t\t\t<a href=\"https:\/\/ncvan.org\/about\/our-mission\/\"  target=\"_self\">\n\t\t\t\t\t\t\tAprende m\u00e1s\n\t\t\t\t\t<\/a>\n<h3>\n\t\t\tLos seres queridos sobrevivientes de las v\u00edctimas de homicidio se quedan con una vida de dolor. Ofrecemos servicios que los apoyan y promueven su curaci\u00f3n.\t<\/h3>\n\t<p>Cuando ocurre un homicidio, la persona cuya vida fue arrebatada no es la \u00fanica v\u00edctima. Por cada homicidio, en promedio hay hasta 10 seres queridos sobrevivientes que tambi\u00e9n son v\u00edctimas. Brindamos servicios integrales que abordan la p\u00e9rdida traum\u00e1tica y el duelo complicado. Capacitamos a quienes trabajan con v\u00edctimas de delitos para que utilicen pr\u00e1cticas centradas en las v\u00edctimas al responder a los seres queridos sobrevivientes de v\u00edctimas de homicidio.<\/p>\n<figure itemscope itemtype=\"https:\/\/schema.org\/ImageObject\">\n\t\t\t\t<img decoding=\"async\" src=\"https:\/\/nc-van.org\/wp-content\/uploads\/2024\/04\/hug-1-square-fd77fe6c734fe46485a9654be6b0ce55-l2b9qedzcjt0-2.jpg\" alt=\"hug-1-square-fd77fe6c734fe46485a9654be6b0ce55-l2b9qedzcjt0-2\" height=\"1125\" width=\"1125\" title=\"hug-1-square-fd77fe6c734fe46485a9654be6b0ce55-l2b9qedzcjt0-2\" onerror=\"this.style.display='none'\" loading=\"lazy\" \/>\n\t<\/figure>\n<h3>\n\t\t\tServicios de apoyo\t<\/h3>\n\t<p>Brindamos apoyo informado sobre el trauma para las familias y los seres queridos de las v\u00edctimas despu\u00e9s de que la violencia le quita la vida o la afecta.<\/p>\n\t<p><a href=\"https:\/\/ncvan.org\/support\/surviving-loved-ones\/\">Obtener soporte \u2192<\/a><\/p>\n<figure itemscope itemtype=\"https:\/\/schema.org\/ImageObject\">\n\t\t\t\t<img decoding=\"async\" src=\"https:\/\/nc-van.org\/wp-content\/uploads\/2024\/04\/training3-square-6e707abb175cef7aab1a55837024af91-ypwt75m26flv-2.jpg\" alt=\"Fall 2023\" height=\"1125\" width=\"1125\" title=\"training3-square-6e707abb175cef7aab1a55837024af91-ypwt75m26flv-2\" onerror=\"this.style.display='none'\" loading=\"lazy\" \/>\n\t<\/figure>\n<h3>\n\t\t\tCapacitaci\u00f3n\t<\/h3>\n\t<p>Desarrollamos y brindamos capacitaci\u00f3n en respuesta a v\u00edctimas a proveedores de servicios y profesionales aliados.<\/p>\n\t<p><a href=\"https:\/\/ncvan.org\/training\/certification-academy\/\">Aprende m\u00e1s <\/a><a href=\"https:\/\/ncvan.org\/?page_id=16\">\u2192<\/a><\/p>\n<figure itemscope itemtype=\"https:\/\/schema.org\/ImageObject\">\n\t\t\t\t<img decoding=\"async\" src=\"https:\/\/nc-van.org\/wp-content\/uploads\/2024\/04\/advocacy-square-6076f868cfe6ef4c62bd92490fb1e26e-j7ilfw8zvsox-2.jpg\" alt=\"advocacy-square-6076f868cfe6ef4c62bd92490fb1e26e-j7ilfw8zvsox-2\" height=\"1125\" width=\"1125\" title=\"advocacy-square-6076f868cfe6ef4c62bd92490fb1e26e-j7ilfw8zvsox-2\" onerror=\"this.style.display='none'\" loading=\"lazy\" \/>\n\t<\/figure>\n<h3>\n\t\t\tAbogac\u00eda\t<\/h3>\n\t<p>Proponemos legislaci\u00f3n relacionada con las v\u00edctimas y abogamos por pol\u00edticas que afecten los derechos de las v\u00edctimas de delitos a nivel estatal.<\/p>\n\t<p><a href=\"https:\/\/ncvan.org\/support\/crime-victims-rights-marsys-law\/\">M\u00e1s informaci\u00f3n \u2192<\/a><\/p>\n<h2>\n\t\t\tWe help people navigate life after a loved one is taken from them. \t<\/h2>\n\t\t\t\t\t<img decoding=\"async\" src=\"https:\/\/i.vimeocdn.com\/video\/1695222768-918f8e6645b81e2998edbbce5cec16c37bddae0eefe9ac97131e1c39ec581f30-d_840?region=us\" alt=\"vimeo-video-thumbnail\"\/>\n\t\t<h3>\n\t\t\tUpcoming Training Opportunities:\t<\/h3>\n<figure itemscope itemtype=\"https:\/\/schema.org\/ImageObject\">\n\t\t\t\t<img decoding=\"async\" src=\"https:\/\/nc-van.org\/wp-content\/uploads\/2026\/04\/2-of-2-images-FB-Book-Club-Social-Media-Post-7.png\" alt=\"(2 of 2 images) FB - Book Club Social Media Post (7)\" height=\"900\" width=\"1500\" title=\"(2 of 2 images) FB - Book Club Social Media Post (7)\" onerror=\"this.style.display='none'\" loading=\"lazy\" \/>\n\t<\/figure>\n\t\t\t<a href=\"https:\/\/nc-van.org\/es\/training\/certification-academy\/\"  target=\"_blank\" rel=\"noopener\">\n\t\t\t\t\t\t\tLearn More &#038; Apply:\n\t\t\t\t\t<\/a>\n<figure itemscope itemtype=\"https:\/\/schema.org\/ImageObject\">\n\t\t\t\t<img decoding=\"async\" src=\"https:\/\/nc-van.org\/wp-content\/uploads\/2026\/04\/2-of-2-images-FB-Book-Club-Social-Media-Post-6.png\" alt=\"(2 of 2 images) FB - Book Club Social Media Post (6)\" height=\"900\" width=\"1500\" title=\"(2 of 2 images) FB - Book Club Social Media Post (6)\" onerror=\"this.style.display='none'\" loading=\"lazy\" \/>\n\t<\/figure>\n\t\t\t<a href=\"https:\/\/nc-van.org\/es\/training\/advanced-training-webinars\/\"  target=\"_blank\" rel=\"noopener\">\n\t\t\t\t\t\t\tLearn More &#038; Register:\n\t\t\t\t\t<\/a>\n\t\t\t<p><a href=\"https:\/\/form.jotform.com\/260644378432157\"><img loading=\"lazy\" decoding=\"async\" src=\"https:\/\/nc-van.org\/wp-content\/uploads\/2026\/04\/2026-April-Ceremony-Popup-3-300x300.png\" alt=\"\" width=\"300\" height=\"300\" \/><\/a><\/p>\n\t\t<h5>Modal Popup &#8211; ID <\/h5>\n\t\tClick here to edit the &quot;Modal Popup&quot; settings. This text will not be visible on frontend.\t\n<h3>\n\t\t\tJard\u00edn conmemorativo de NCVAN\t<\/h3>\n\t<p>El jard\u00edn brinda la oportunidad de reflexionar sobre los recuerdos especiales de los seres queridos, y su tranquilidad da la sensaci\u00f3n de un futuro esperanzador. Incluye ladrillos que recubren la pasarela con los nombres de las v\u00edctimas de delitos violentos que quedar\u00e1n grabados para siempre en nuestros corazones.<\/p>\n\t\t\t<a href=\"https:\/\/ncvan.org\/support\/memorial-garden\/\"  target=\"_self\">\n\t\t\t\t\t\t\tLeer m\u00e1s\n\t\t\t\t\t<\/a>\n<figure itemscope itemtype=\"https:\/\/schema.org\/ImageObject\">\n\t\t\t\t<img decoding=\"async\" src=\"https:\/\/ncvan.org\/wp-content\/uploads\/2023\/03\/NCVAN_Home-2.jpg\" alt=\"Support group, counseling and man with woman for comfort, empathy and understanding in rehab. Cancer, anxiety therapy and people with depression, grief and illness at community center for help\" title=\"Apoyo,Grupo,,Consejer\u00eda,Y,Hombre,Con,Mujer,Para,Confort,,Empat\u00eda\" onerror=\"this.style.display='none'\" loading=\"lazy\" \/>\n\t<\/figure>\n<h3>\n\t\t\t\u00danase a la comunidad de donaciones mensuales de NCVAN\t<\/h3>\n\t<p>Su donaci\u00f3n mensual brindar\u00e1 a los seres queridos sobrevivientes asesoramiento personalizado sobre el duelo.<\/p>\n\t\t\t<a href=\"https:\/\/checkout.square.site\/merchant\/N37DKKX7BB81K\/checkout\/EL6KIZXZ7WRCH3L4CYPTTFAZ\"  target=\"_blank\" rel=\"noopener\">\n\t\t\t\t\t\t\tdar hoy\n\t\t\t\t\t<\/a>\n<h4>\n\t\t\t\u00a1Historias de esperanza enviadas a su bandeja de entrada!\t<\/h4>\n\t<p>Reg\u00edstrese para recibir historias y actualizaciones sobre nuestro trabajo con los seres queridos sobrevivientes.<\/p>","protected":false},"excerpt":{"rendered":"<p>Supporting the rights and well-being of surviving loved ones of homicide and violent crime Join us as we support and encourage victims and survivors here in North Carolina so that families can heal and communities are made stronger. Learn More Surviving loved ones of homicide victims are left with a lifetime of grief. We offer&hellip;<\/p>","protected":false},"author":1,"featured_media":865,"parent":0,"menu_order":0,"comment_status":"closed","ping_status":"closed","template":"","meta":{"footnotes":""},"class_list":["post-28","page","type-page","status-publish","has-post-thumbnail","hentry"],"yoast_head":"<!-- This site is optimized with the Yoast SEO plugin v27.3 - https:\/\/yoast.com\/product\/yoast-seo-wordpress\/ -->\n<title>Supporting surviving loved ones of homicide victims - North Carolina Victim Assistance Network<\/title>\n<meta name=\"description\" content=\"We support the rights and well-being of surviving loved ones of homicide victims and others harmed by violent crime.\" \/>\n<meta name=\"robots\" content=\"index, follow, max-snippet:-1, max-image-preview:large, max-video-preview:-1\" \/>\n<link rel=\"canonical\" href=\"https:\/\/nc-van.org\/es\/\" \/>\n<meta property=\"og:locale\" content=\"es_MX\" \/>\n<meta property=\"og:type\" content=\"article\" \/>\n<meta property=\"og:title\" content=\"Supporting surviving loved ones of homicide victims - North Carolina Victim Assistance Network\" \/>\n<meta property=\"og:description\" content=\"We support the rights and well-being of surviving loved ones of homicide victims and others harmed by violent crime.\" \/>\n<meta property=\"og:url\" content=\"https:\/\/nc-van.org\/es\/\" \/>\n<meta property=\"og:site_name\" content=\"North Carolina Victim Assistance Network\" \/>\n<meta property=\"article:modified_time\" content=\"2026-04-10T19:50:03+00:00\" \/>\n<meta property=\"og:image\" content=\"https:\/\/nc-van.org\/wp-content\/uploads\/2023\/03\/shutterstock_1316614295.jpg\" \/>\n\t<meta property=\"og:image:width\" content=\"1200\" \/>\n\t<meta property=\"og:image:height\" content=\"800\" \/>\n\t<meta property=\"og:image:type\" content=\"image\/jpeg\" \/>\n<meta name=\"twitter:card\" content=\"summary_large_image\" \/>\n<meta name=\"twitter:label1\" content=\"Tiempo de lectura\" \/>\n\t<meta name=\"twitter:data1\" content=\"3 minutos\" \/>\n<script type=\"application\/ld+json\" class=\"yoast-schema-graph\">{\"@context\":\"https:\\\/\\\/schema.org\",\"@graph\":[{\"@type\":\"WebPage\",\"@id\":\"https:\\\/\\\/nc-van.org\\\/\",\"url\":\"https:\\\/\\\/nc-van.org\\\/\",\"name\":\"Supporting surviving loved ones of homicide victims - North Carolina Victim Assistance Network\",\"isPartOf\":{\"@id\":\"https:\\\/\\\/nc-van.org\\\/#website\"},\"primaryImageOfPage\":{\"@id\":\"https:\\\/\\\/nc-van.org\\\/#primaryimage\"},\"image\":{\"@id\":\"https:\\\/\\\/nc-van.org\\\/#primaryimage\"},\"thumbnailUrl\":\"https:\\\/\\\/nc-van.org\\\/wp-content\\\/uploads\\\/2023\\\/03\\\/shutterstock_1316614295.jpg\",\"datePublished\":\"2022-06-10T20:58:38+00:00\",\"dateModified\":\"2026-04-10T19:50:03+00:00\",\"description\":\"We support the rights and well-being of surviving loved ones of homicide victims and others harmed by violent crime.\",\"breadcrumb\":{\"@id\":\"https:\\\/\\\/nc-van.org\\\/#breadcrumb\"},\"inLanguage\":\"es\",\"potentialAction\":[{\"@type\":\"ReadAction\",\"target\":[\"https:\\\/\\\/nc-van.org\\\/\"]}]},{\"@type\":\"ImageObject\",\"inLanguage\":\"es\",\"@id\":\"https:\\\/\\\/nc-van.org\\\/#primaryimage\",\"url\":\"https:\\\/\\\/nc-van.org\\\/wp-content\\\/uploads\\\/2023\\\/03\\\/shutterstock_1316614295.jpg\",\"contentUrl\":\"https:\\\/\\\/nc-van.org\\\/wp-content\\\/uploads\\\/2023\\\/03\\\/shutterstock_1316614295.jpg\",\"width\":1200,\"height\":800,\"caption\":\"Asian and african women embracing giving psychological support during group therapy counseling session, diverse ladies hug sit in circle feel relief empathy helping friend at with problems addiction\"},{\"@type\":\"BreadcrumbList\",\"@id\":\"https:\\\/\\\/nc-van.org\\\/#breadcrumb\",\"itemListElement\":[{\"@type\":\"ListItem\",\"position\":1,\"name\":\"Home\",\"item\":\"https:\\\/\\\/nc-van.org\\\/\"},{\"@type\":\"ListItem\",\"position\":2,\"name\":\"Home\"}]},{\"@type\":\"WebSite\",\"@id\":\"https:\\\/\\\/nc-van.org\\\/#website\",\"url\":\"https:\\\/\\\/nc-van.org\\\/\",\"name\":\"North Carolina Victim Assistance Network\",\"description\":\"You&#039;re not alone\",\"potentialAction\":[{\"@type\":\"SearchAction\",\"target\":{\"@type\":\"EntryPoint\",\"urlTemplate\":\"https:\\\/\\\/nc-van.org\\\/?s={search_term_string}\"},\"query-input\":{\"@type\":\"PropertyValueSpecification\",\"valueRequired\":true,\"valueName\":\"search_term_string\"}}],\"inLanguage\":\"es\"}]}<\/script>\n<!-- \/ Yoast SEO plugin. -->","yoast_head_json":{"title":"Supporting surviving loved ones of homicide victims - North Carolina Victim Assistance Network","description":"Apoyamos los derechos y el bienestar de los seres queridos sobrevivientes de v\u00edctimas de homicidio y otras personas perjudicadas por delitos violentos.","robots":{"index":"index","follow":"follow","max-snippet":"max-snippet:-1","max-image-preview":"max-image-preview:large","max-video-preview":"max-video-preview:-1"},"canonical":"https:\/\/nc-van.org\/es\/","og_locale":"es_MX","og_type":"article","og_title":"Supporting surviving loved ones of homicide victims - North Carolina Victim Assistance Network","og_description":"We support the rights and well-being of surviving loved ones of homicide victims and others harmed by violent crime.","og_url":"https:\/\/nc-van.org\/es\/","og_site_name":"North Carolina Victim Assistance Network","article_modified_time":"2026-04-10T19:50:03+00:00","og_image":[{"width":1200,"height":800,"url":"https:\/\/nc-van.org\/wp-content\/uploads\/2023\/03\/shutterstock_1316614295.jpg","type":"image\/jpeg"}],"twitter_card":"summary_large_image","twitter_misc":{"Tiempo de lectura":"3 minutos"},"schema":{"@context":"https:\/\/schema.org","@graph":[{"@type":"WebPage","@id":"https:\/\/nc-van.org\/","url":"https:\/\/nc-van.org\/","name":"Supporting surviving loved ones of homicide victims - North Carolina Victim Assistance Network","isPartOf":{"@id":"https:\/\/nc-van.org\/#website"},"primaryImageOfPage":{"@id":"https:\/\/nc-van.org\/#primaryimage"},"image":{"@id":"https:\/\/nc-van.org\/#primaryimage"},"thumbnailUrl":"https:\/\/nc-van.org\/wp-content\/uploads\/2023\/03\/shutterstock_1316614295.jpg","datePublished":"2022-06-10T20:58:38+00:00","dateModified":"2026-04-10T19:50:03+00:00","description":"Apoyamos los derechos y el bienestar de los seres queridos sobrevivientes de v\u00edctimas de homicidio y otras personas perjudicadas por delitos violentos.","breadcrumb":{"@id":"https:\/\/nc-van.org\/#breadcrumb"},"inLanguage":"es","potentialAction":[{"@type":"ReadAction","target":["https:\/\/nc-van.org\/"]}]},{"@type":"ImageObject","inLanguage":"es","@id":"https:\/\/nc-van.org\/#primaryimage","url":"https:\/\/nc-van.org\/wp-content\/uploads\/2023\/03\/shutterstock_1316614295.jpg","contentUrl":"https:\/\/nc-van.org\/wp-content\/uploads\/2023\/03\/shutterstock_1316614295.jpg","width":1200,"height":800,"caption":"Asian and african women embracing giving psychological support during group therapy counseling session, diverse ladies hug sit in circle feel relief empathy helping friend at with problems addiction"},{"@type":"BreadcrumbList","@id":"https:\/\/nc-van.org\/#breadcrumb","itemListElement":[{"@type":"ListItem","position":1,"name":"Home","item":"https:\/\/nc-van.org\/"},{"@type":"ListItem","position":2,"name":"Home"}]},{"@type":"WebSite","@id":"https:\/\/nc-van.org\/#website","url":"https:\/\/nc-van.org\/","name":"North Carolina Victim Assistance Network","description":"You&#039;re not alone","potentialAction":[{"@type":"SearchAction","target":{"@type":"EntryPoint","urlTemplate":"https:\/\/nc-van.org\/?s={search_term_string}"},"query-input":{"@type":"PropertyValueSpecification","valueRequired":true,"valueName":"search_term_string"}}],"inLanguage":"es"}]}},"_links":{"self":[{"href":"https:\/\/nc-van.org\/es\/wp-json\/wp\/v2\/pages\/28","targetHints":{"allow":["GET"]}}],"collection":[{"href":"https:\/\/nc-van.org\/es\/wp-json\/wp\/v2\/pages"}],"about":[{"href":"https:\/\/nc-van.org\/es\/wp-json\/wp\/v2\/types\/page"}],"author":[{"embeddable":true,"href":"https:\/\/nc-van.org\/es\/wp-json\/wp\/v2\/users\/1"}],"replies":[{"embeddable":true,"href":"https:\/\/nc-van.org\/es\/wp-json\/wp\/v2\/comments?post=28"}],"version-history":[{"count":0,"href":"https:\/\/nc-van.org\/es\/wp-json\/wp\/v2\/pages\/28\/revisions"}],"wp:featuredmedia":[{"embeddable":true,"href":"https:\/\/nc-van.org\/es\/wp-json\/wp\/v2\/media\/865"}],"wp:attachment":[{"href":"https:\/\/nc-van.org\/es\/wp-json\/wp\/v2\/media?parent=28"}],"curies":[{"name":"wp","href":"https:\/\/api.w.org\/{rel}","templated":true}]}}