{"id":299,"date":"2022-10-13T04:17:37","date_gmt":"2022-10-13T04:17:37","guid":{"rendered":"https:\/\/ncvan.liminalsites.com\/?page_id=299"},"modified":"2025-10-06T13:52:06","modified_gmt":"2025-10-06T13:52:06","slug":"ways-to-give","status":"publish","type":"page","link":"https:\/\/nc-van.org\/es\/get-involved\/ways-to-give\/","title":{"rendered":"Formas de dar"},"content":{"rendered":"<h1>\n\t\t\tFormas de dar\t<\/h1>\n\t<p>Your time and financial contributions are an investment in our mission to support the rights and well-being of surviving loved ones of homicide and victims of other violent crimes.<\/p>\n\t\t\t\t<img decoding=\"async\" src=\"https:\/\/ncvan.org\/wp-content\/uploads\/2023\/02\/ICONS-02.png\" alt=\"ICONS-02\" itemprop=\"image\" title=\"ICONOS-02\" onerror=\"this.style.display='none'\" loading=\"lazy\" \/>\n<h3>\n\t\t\tDone para apoyar a los seres queridos sobrevivientes a los que servimos\t<\/h3>\n\t<p>Sus donaciones respaldan nuestros esfuerzos para brindar servicios integrales y de alta calidad a los seres queridos sobrevivientes de homicidios en todo Carolina del Norte.<\/p>\n\t\t\t<a href=\"https:\/\/checkout.square.site\/merchant\/N37DKKX7BB81K\/checkout\/EL6KIZXZ7WRCH3L4CYPTTFAZ\" target=\"_blank\" rel=\"noopener\">\n\t\t\t\t\t\t\tdar hoy\n\t\t\t\t\t<\/a>\n\t\t\t\t<img decoding=\"async\" src=\"https:\/\/ncvan.org\/wp-content\/uploads\/2023\/02\/ICONS-03-1.png\" alt=\"ICONS-03\" itemprop=\"image\" title=\"ICONOS-03\" onerror=\"this.style.display='none'\" loading=\"lazy\" \/>\n<h3>\n\t\t\tHaz una donaci\u00f3n recurrente\t<\/h3>\n\t<p>Su apoyo continuo sostendr\u00e1 nuestro trabajo como la \u00fanica agencia de servicios para v\u00edctimas en todo el estado que atiende a v\u00edctimas de homicidio y otras personas perjudicadas por delitos violentos. <\/p>\n\t\t\t<a href=\"https:\/\/checkout.square.site\/merchant\/N37DKKX7BB81K\/checkout\/EL6KIZXZ7WRCH3L4CYPTTFAZ\" target=\"_blank\" rel=\"noopener\">\n\t\t\t\t\t\t\tDar Mensual\n\t\t\t\t\t<\/a>\n\t\t\t\t<img decoding=\"async\" src=\"https:\/\/ncvan.org\/wp-content\/uploads\/2023\/02\/ICONS-04.png\" alt=\"ICONS-04\" itemprop=\"image\" title=\"ICONOS-04\" onerror=\"this.style.display='none'\" loading=\"lazy\" \/>\n<h3>\n\t\t\tVoluntario\t<\/h3>\n\t<p>A trav\u00e9s de asociaciones comunitarias, visualizamos una red de voluntarios que brindan respuestas significativas a las necesidades creadas por actos de violencia sin sentido en Carolina del Norte.<\/p>\n\t\t\t<a href=\"https:\/\/ncvan.org\/get-involved\/volunteer\/\" target=\"_self\">\n\t\t\t\t\t\t\tAprende m\u00e1s\n\t\t\t\t\t<\/a>\n\t\t\t\t<img decoding=\"async\" src=\"https:\/\/ncvan.org\/wp-content\/uploads\/2023\/02\/ICONS-05.png\" alt=\"ICONS-05\" itemprop=\"image\" title=\"ICONOS-05\" onerror=\"this.style.display='none'\" loading=\"lazy\" \/>\n<h3>\n\t\t\tEventos\t<\/h3>\n\t<p>Organizamos eventos durante todo el a\u00f1o que apoyan a los seres queridos sobrevivientes, recordamos a aquellos cuyas vidas fueron arrebatadas por un homicidio y recaudamos fondos para apoyar nuestro trabajo.<\/p>\n\t\t\t<a href=\"https:\/\/ncvan.org\/get-involved\/events\/\" target=\"_self\">\n\t\t\t\t\t\t\tAprende m\u00e1s\n\t\t\t\t\t<\/a>","protected":false},"excerpt":{"rendered":"<p>Ways to Give Your time and financial contributions are an investment in our mission to support the rights and well-being of surviving loved ones of homicide and victims of other violent crimes. Donate to Support The Surviving Loved Ones we Serve Your gifts support our efforts to provide comprehensive, high-quality services to surviving loved ones&hellip;<\/p>","protected":false},"author":1,"featured_media":415,"parent":20,"menu_order":0,"comment_status":"closed","ping_status":"closed","template":"","meta":{"footnotes":""},"class_list":["post-299","page","type-page","status-publish","has-post-thumbnail","hentry"],"yoast_head":"<!-- This site is optimized with the Yoast SEO plugin v27.3 - https:\/\/yoast.com\/product\/yoast-seo-wordpress\/ -->\n<title>Ways to Give - North Carolina Victim Assistance Network<\/title>\n<meta name=\"description\" content=\"Your time and financial contributions support the rights and well-being of surviving loved ones of homicide victims.\" \/>\n<meta name=\"robots\" content=\"index, follow, max-snippet:-1, max-image-preview:large, max-video-preview:-1\" \/>\n<link rel=\"canonical\" href=\"https:\/\/nc-van.org\/es\/get-involved\/ways-to-give\/\" \/>\n<meta property=\"og:locale\" content=\"es_MX\" \/>\n<meta property=\"og:type\" content=\"article\" \/>\n<meta property=\"og:title\" content=\"Ways to Give - North Carolina Victim Assistance Network\" \/>\n<meta property=\"og:description\" content=\"Your time and financial contributions support the rights and well-being of surviving loved ones of homicide victims.\" \/>\n<meta property=\"og:url\" content=\"https:\/\/nc-van.org\/es\/get-involved\/ways-to-give\/\" \/>\n<meta property=\"og:site_name\" content=\"North Carolina Victim Assistance Network\" \/>\n<meta property=\"article:modified_time\" content=\"2025-10-06T13:52:06+00:00\" \/>\n<meta property=\"og:image\" content=\"https:\/\/nc-van.org\/wp-content\/uploads\/2023\/02\/shutterstock_1849654699.jpeg\" \/>\n\t<meta property=\"og:image:width\" content=\"2000\" \/>\n\t<meta property=\"og:image:height\" content=\"1125\" \/>\n\t<meta property=\"og:image:type\" content=\"image\/jpeg\" \/>\n<meta name=\"twitter:card\" content=\"summary_large_image\" \/>\n<meta name=\"twitter:label1\" content=\"Tiempo de lectura\" \/>\n\t<meta name=\"twitter:data1\" content=\"2 minutos\" \/>\n<script type=\"application\/ld+json\" class=\"yoast-schema-graph\">{\"@context\":\"https:\\\/\\\/schema.org\",\"@graph\":[{\"@type\":\"WebPage\",\"@id\":\"https:\\\/\\\/nc-van.org\\\/get-involved\\\/ways-to-give\\\/\",\"url\":\"https:\\\/\\\/nc-van.org\\\/get-involved\\\/ways-to-give\\\/\",\"name\":\"Ways to Give - North Carolina Victim Assistance Network\",\"isPartOf\":{\"@id\":\"https:\\\/\\\/nc-van.org\\\/#website\"},\"primaryImageOfPage\":{\"@id\":\"https:\\\/\\\/nc-van.org\\\/get-involved\\\/ways-to-give\\\/#primaryimage\"},\"image\":{\"@id\":\"https:\\\/\\\/nc-van.org\\\/get-involved\\\/ways-to-give\\\/#primaryimage\"},\"thumbnailUrl\":\"https:\\\/\\\/nc-van.org\\\/wp-content\\\/uploads\\\/2023\\\/02\\\/shutterstock_1849654699.jpeg\",\"datePublished\":\"2022-10-13T04:17:37+00:00\",\"dateModified\":\"2025-10-06T13:52:06+00:00\",\"description\":\"Your time and financial contributions support the rights and well-being of surviving loved ones of homicide victims.\",\"breadcrumb\":{\"@id\":\"https:\\\/\\\/nc-van.org\\\/get-involved\\\/ways-to-give\\\/#breadcrumb\"},\"inLanguage\":\"es\",\"potentialAction\":[{\"@type\":\"ReadAction\",\"target\":[\"https:\\\/\\\/nc-van.org\\\/get-involved\\\/ways-to-give\\\/\"]}]},{\"@type\":\"ImageObject\",\"inLanguage\":\"es\",\"@id\":\"https:\\\/\\\/nc-van.org\\\/get-involved\\\/ways-to-give\\\/#primaryimage\",\"url\":\"https:\\\/\\\/nc-van.org\\\/wp-content\\\/uploads\\\/2023\\\/02\\\/shutterstock_1849654699.jpeg\",\"contentUrl\":\"https:\\\/\\\/nc-van.org\\\/wp-content\\\/uploads\\\/2023\\\/02\\\/shutterstock_1849654699.jpeg\",\"width\":2000,\"height\":1125,\"caption\":\"Pleasant workday. Two women colleagues employees of diverse age sharing points of view at workplace in office, happy smiling millennial female trainee discussing business ideas with adult aged trainer\"},{\"@type\":\"BreadcrumbList\",\"@id\":\"https:\\\/\\\/nc-van.org\\\/get-involved\\\/ways-to-give\\\/#breadcrumb\",\"itemListElement\":[{\"@type\":\"ListItem\",\"position\":1,\"name\":\"Home\",\"item\":\"https:\\\/\\\/nc-van.org\\\/\"},{\"@type\":\"ListItem\",\"position\":2,\"name\":\"Get Involved\",\"item\":\"https:\\\/\\\/nc-van.org\\\/get-involved\\\/\"},{\"@type\":\"ListItem\",\"position\":3,\"name\":\"Ways to Give\"}]},{\"@type\":\"WebSite\",\"@id\":\"https:\\\/\\\/nc-van.org\\\/#website\",\"url\":\"https:\\\/\\\/nc-van.org\\\/\",\"name\":\"North Carolina Victim Assistance Network\",\"description\":\"You&#039;re not alone\",\"potentialAction\":[{\"@type\":\"SearchAction\",\"target\":{\"@type\":\"EntryPoint\",\"urlTemplate\":\"https:\\\/\\\/nc-van.org\\\/?s={search_term_string}\"},\"query-input\":{\"@type\":\"PropertyValueSpecification\",\"valueRequired\":true,\"valueName\":\"search_term_string\"}}],\"inLanguage\":\"es\"}]}<\/script>\n<!-- \/ Yoast SEO plugin. -->","yoast_head_json":{"title":"Ways to Give - North Carolina Victim Assistance Network","description":"Your time and financial contributions support the rights and well-being of surviving loved ones of homicide victims.","robots":{"index":"index","follow":"follow","max-snippet":"max-snippet:-1","max-image-preview":"max-image-preview:large","max-video-preview":"max-video-preview:-1"},"canonical":"https:\/\/nc-van.org\/es\/get-involved\/ways-to-give\/","og_locale":"es_MX","og_type":"article","og_title":"Ways to Give - North Carolina Victim Assistance Network","og_description":"Your time and financial contributions support the rights and well-being of surviving loved ones of homicide victims.","og_url":"https:\/\/nc-van.org\/es\/get-involved\/ways-to-give\/","og_site_name":"North Carolina Victim Assistance Network","article_modified_time":"2025-10-06T13:52:06+00:00","og_image":[{"width":2000,"height":1125,"url":"https:\/\/nc-van.org\/wp-content\/uploads\/2023\/02\/shutterstock_1849654699.jpeg","type":"image\/jpeg"}],"twitter_card":"summary_large_image","twitter_misc":{"Tiempo de lectura":"2 minutos"},"schema":{"@context":"https:\/\/schema.org","@graph":[{"@type":"WebPage","@id":"https:\/\/nc-van.org\/get-involved\/ways-to-give\/","url":"https:\/\/nc-van.org\/get-involved\/ways-to-give\/","name":"Ways to Give - North Carolina Victim Assistance Network","isPartOf":{"@id":"https:\/\/nc-van.org\/#website"},"primaryImageOfPage":{"@id":"https:\/\/nc-van.org\/get-involved\/ways-to-give\/#primaryimage"},"image":{"@id":"https:\/\/nc-van.org\/get-involved\/ways-to-give\/#primaryimage"},"thumbnailUrl":"https:\/\/nc-van.org\/wp-content\/uploads\/2023\/02\/shutterstock_1849654699.jpeg","datePublished":"2022-10-13T04:17:37+00:00","dateModified":"2025-10-06T13:52:06+00:00","description":"Your time and financial contributions support the rights and well-being of surviving loved ones of homicide victims.","breadcrumb":{"@id":"https:\/\/nc-van.org\/get-involved\/ways-to-give\/#breadcrumb"},"inLanguage":"es","potentialAction":[{"@type":"ReadAction","target":["https:\/\/nc-van.org\/get-involved\/ways-to-give\/"]}]},{"@type":"ImageObject","inLanguage":"es","@id":"https:\/\/nc-van.org\/get-involved\/ways-to-give\/#primaryimage","url":"https:\/\/nc-van.org\/wp-content\/uploads\/2023\/02\/shutterstock_1849654699.jpeg","contentUrl":"https:\/\/nc-van.org\/wp-content\/uploads\/2023\/02\/shutterstock_1849654699.jpeg","width":2000,"height":1125,"caption":"Pleasant workday. Two women colleagues employees of diverse age sharing points of view at workplace in office, happy smiling millennial female trainee discussing business ideas with adult aged trainer"},{"@type":"BreadcrumbList","@id":"https:\/\/nc-van.org\/get-involved\/ways-to-give\/#breadcrumb","itemListElement":[{"@type":"ListItem","position":1,"name":"Home","item":"https:\/\/nc-van.org\/"},{"@type":"ListItem","position":2,"name":"Get Involved","item":"https:\/\/nc-van.org\/get-involved\/"},{"@type":"ListItem","position":3,"name":"Ways to Give"}]},{"@type":"WebSite","@id":"https:\/\/nc-van.org\/#website","url":"https:\/\/nc-van.org\/","name":"North Carolina Victim Assistance Network","description":"You&#039;re not alone","potentialAction":[{"@type":"SearchAction","target":{"@type":"EntryPoint","urlTemplate":"https:\/\/nc-van.org\/?s={search_term_string}"},"query-input":{"@type":"PropertyValueSpecification","valueRequired":true,"valueName":"search_term_string"}}],"inLanguage":"es"}]}},"_links":{"self":[{"href":"https:\/\/nc-van.org\/es\/wp-json\/wp\/v2\/pages\/299","targetHints":{"allow":["GET"]}}],"collection":[{"href":"https:\/\/nc-van.org\/es\/wp-json\/wp\/v2\/pages"}],"about":[{"href":"https:\/\/nc-van.org\/es\/wp-json\/wp\/v2\/types\/page"}],"author":[{"embeddable":true,"href":"https:\/\/nc-van.org\/es\/wp-json\/wp\/v2\/users\/1"}],"replies":[{"embeddable":true,"href":"https:\/\/nc-van.org\/es\/wp-json\/wp\/v2\/comments?post=299"}],"version-history":[{"count":0,"href":"https:\/\/nc-van.org\/es\/wp-json\/wp\/v2\/pages\/299\/revisions"}],"up":[{"embeddable":true,"href":"https:\/\/nc-van.org\/es\/wp-json\/wp\/v2\/pages\/20"}],"wp:featuredmedia":[{"embeddable":true,"href":"https:\/\/nc-van.org\/es\/wp-json\/wp\/v2\/media\/415"}],"wp:attachment":[{"href":"https:\/\/nc-van.org\/es\/wp-json\/wp\/v2\/media?parent=299"}],"curies":[{"name":"wp","href":"https:\/\/api.w.org\/{rel}","templated":true}]}}